{"id":3451,"date":"2024-06-17T15:52:56","date_gmt":"2024-06-17T12:52:56","guid":{"rendered":"https:\/\/www.molkky.com\/ota-yhteytta\/"},"modified":"2026-02-26T14:32:17","modified_gmt":"2026-02-26T12:32:17","slug":"ota-yhteytta","status":"publish","type":"page","link":"https:\/\/www.molkky.com\/fi\/ota-yhteytta\/","title":{"rendered":"Ota yhteytt\u00e4"},"content":{"rendered":"\t\t<div data-elementor-type=\"wp-page\" data-elementor-id=\"3451\" class=\"elementor elementor-3451 elementor-2487\" data-elementor-post-type=\"page\">\n\t\t\t\t<div class=\"elementor-element elementor-element-4a541a86 e-con-full e-flex e-con e-parent\" data-id=\"4a541a86\" data-element_type=\"container\" data-e-type=\"container\" data-settings=\"{&quot;background_background&quot;:&quot;classic&quot;}\">\n\t\t\t\t<\/div>\n\t\t<div class=\"elementor-element elementor-element-ca860a1 e-flex e-con-boxed e-con e-parent\" data-id=\"ca860a1\" data-element_type=\"container\" data-e-type=\"container\">\n\t\t\t\t\t<div class=\"e-con-inner\">\n\t\t<div class=\"elementor-element elementor-element-6e09c218 e-con-full e-flex e-con e-child\" data-id=\"6e09c218\" data-element_type=\"container\" data-e-type=\"container\" data-settings=\"{&quot;background_background&quot;:&quot;classic&quot;}\">\n\t\t\t\t<div class=\"elementor-element elementor-element-47e12966 elementor-widget elementor-widget-heading\" data-id=\"47e12966\" data-element_type=\"widget\" data-e-type=\"widget\" data-widget_type=\"heading.default\">\n\t\t\t\t<div class=\"elementor-widget-container\">\n\t\t\t\t\t<h1 class=\"elementor-heading-title elementor-size-default\">Onko sinulla kysymyksi\u00e4?<\/h1>\t\t\t\t<\/div>\n\t\t\t\t<\/div>\n\t\t\t\t<div class=\"elementor-element elementor-element-7fdca6a6 elementor-widget elementor-widget-text-editor\" data-id=\"7fdca6a6\" data-element_type=\"widget\" data-e-type=\"widget\" data-widget_type=\"text-editor.default\">\n\t\t\t\t<div class=\"elementor-widget-container\">\n\t\t\t\t\t\t\t\t\tVoit ottaa meihin yhteytt\u00e4 s\u00e4hk\u00f6postitse <a href=\"mailto:info@molkky.com\"><span style=\"text-decoration: underline; color: #7a7a7a;\">info@molkky.com<\/span><\/a>.\t\t\t\t\t\t\t\t<\/div>\n\t\t\t\t<\/div>\n\t\t\t\t<div class=\"elementor-element elementor-element-8d3add3 elementor-widget elementor-widget-text-editor\" data-id=\"8d3add3\" data-element_type=\"widget\" data-e-type=\"widget\" data-widget_type=\"text-editor.default\">\n\t\t\t\t<div class=\"elementor-widget-container\">\n\t\t\t\t\t\t\t\t\tKuulemme mielell\u00e4mme, jos haluat tehd\u00e4 yhteisty\u00f6t\u00e4 kanssamme tapahtumassasi tai muuten.\t\t\t\t\t\t\t\t<\/div>\n\t\t\t\t<\/div>\n\t\t\t\t<div class=\"elementor-element elementor-element-9eda938 elementor-widget elementor-widget-heading\" data-id=\"9eda938\" data-element_type=\"widget\" data-e-type=\"widget\" data-widget_type=\"heading.default\">\n\t\t\t\t<div class=\"elementor-widget-container\">\n\t\t\t\t\t<h4 class=\"elementor-heading-title elementor-size-default\">Haluatko j\u00e4lleenmyyj\u00e4ksi?<\/h4>\t\t\t\t<\/div>\n\t\t\t\t<\/div>\n\t\t<div class=\"elementor-element elementor-element-6c56543 e-grid e-con-full e-con e-child\" data-id=\"6c56543\" data-element_type=\"container\" data-e-type=\"container\">\n\t\t\t\t<div class=\"elementor-element elementor-element-8b76167 elementor-widget elementor-widget-text-editor\" data-id=\"8b76167\" data-element_type=\"widget\" data-e-type=\"widget\" data-widget_type=\"text-editor.default\">\n\t\t\t\t<div class=\"elementor-widget-container\">\n\t\t\t\t\t\t\t\t\t<p><strong>Luca Maunu<\/strong><\/p><p>Myynti \/ yhteisty\u00f6t<br><a href=\"mailto:luca.maunu@molkky.com\"><span style=\"color: #7a7a7a;\"><span data-teams=\"true\">luca.maunu@tactic.net<\/span><\/span><\/a><br>+358 45 656 7579<\/p>\t\t\t\t\t\t\t\t<\/div>\n\t\t\t\t<\/div>\n\t\t\t\t<div class=\"elementor-element elementor-element-94335be elementor-widget elementor-widget-text-editor\" data-id=\"94335be\" data-element_type=\"widget\" data-e-type=\"widget\" data-widget_type=\"text-editor.default\">\n\t\t\t\t<div class=\"elementor-widget-container\">\n\t\t\t\t\t\t\t\t\t<p><strong>Sami Viljanen<\/strong><\/p><p>Vientimyynti<br><a href=\"mailto:sami.viljanen@molkky.com\"><span style=\"color: #7a7a7a;\">sami.viljanen@tactic.net<\/span><\/a><br>+358 50 599 3565<\/p>\t\t\t\t\t\t\t\t<\/div>\n\t\t\t\t<\/div>\n\t\t\t\t<div class=\"elementor-element elementor-element-14a96c3 elementor-widget elementor-widget-text-editor\" data-id=\"14a96c3\" data-element_type=\"widget\" data-e-type=\"widget\" data-widget_type=\"text-editor.default\">\n\t\t\t\t<div class=\"elementor-widget-container\">\n\t\t\t\t\t\t\t\t\t<p><strong>Juha Nieminen<\/strong><\/p><p>Myyntijohtaja<br><span style=\"color: #7a7a7a;\"><a href=\"mailto:juha.nieminen@molkky.com\">juha.nieminen@tactic.net<\/a><\/span><\/p>\t\t\t\t\t\t\t\t<\/div>\n\t\t\t\t<\/div>\n\t\t\t\t<\/div>\n\t\t\t\t<\/div>\n\t\t\t\t\t<\/div>\n\t\t\t\t<\/div>\n\t\t<div class=\"elementor-element elementor-element-4dd75e7 e-flex e-con-boxed e-con e-parent\" data-id=\"4dd75e7\" data-element_type=\"container\" data-e-type=\"container\" data-settings=\"{&quot;background_background&quot;:&quot;classic&quot;}\">\n\t\t\t\t\t<div class=\"e-con-inner\">\n\t\t<div class=\"elementor-element elementor-element-e995e5e e-grid e-con-full e-con e-child\" data-id=\"e995e5e\" data-element_type=\"container\" data-e-type=\"container\">\n\t\t<div class=\"elementor-element elementor-element-5cfff3f e-con-full e-flex e-con e-child\" data-id=\"5cfff3f\" data-element_type=\"container\" data-e-type=\"container\" data-settings=\"{&quot;background_background&quot;:&quot;classic&quot;}\">\n\t\t\t\t<\/div>\n\t\t<div class=\"elementor-element elementor-element-63ce21a e-con-full e-flex e-con e-child\" data-id=\"63ce21a\" data-element_type=\"container\" data-e-type=\"container\" data-settings=\"{&quot;background_background&quot;:&quot;classic&quot;}\">\n\t\t\t\t<\/div>\n\t\t\t\t<\/div>\n\t\t\t\t\t<\/div>\n\t\t\t\t<\/div>\n\t\t\t\t<\/div>\n\t\t","protected":false},"excerpt":{"rendered":"<p>Onko sinulla kysymyksi\u00e4? Voit ottaa meihin yhteytt\u00e4 s\u00e4hk\u00f6postitse info@molkky.com.Kuulemme mielell\u00e4mme, jos haluat tehd\u00e4 yhteisty\u00f6t\u00e4 kanssamme tapahtumassasi tai muuten. Haluatko j\u00e4lleenmyyj\u00e4ksi? Luca Maunu Myynti \/ yhteisty\u00f6tluca.maunu@tactic.net+358 45 656 7579 Sami Viljanen Vientimyyntisami.viljanen@tactic.net+358 50 599 3565 Juha Nieminen Myyntijohtajajuha.nieminen@tactic.net<\/p>\n","protected":false},"author":1,"featured_media":0,"parent":0,"menu_order":0,"comment_status":"closed","ping_status":"closed","template":"","meta":{"footnotes":""},"class_list":["post-3451","page","type-page","status-publish","hentry"],"_links":{"self":[{"href":"https:\/\/www.molkky.com\/fi\/wp-json\/wp\/v2\/pages\/3451","targetHints":{"allow":["GET"]}}],"collection":[{"href":"https:\/\/www.molkky.com\/fi\/wp-json\/wp\/v2\/pages"}],"about":[{"href":"https:\/\/www.molkky.com\/fi\/wp-json\/wp\/v2\/types\/page"}],"author":[{"embeddable":true,"href":"https:\/\/www.molkky.com\/fi\/wp-json\/wp\/v2\/users\/1"}],"replies":[{"embeddable":true,"href":"https:\/\/www.molkky.com\/fi\/wp-json\/wp\/v2\/comments?post=3451"}],"version-history":[{"count":19,"href":"https:\/\/www.molkky.com\/fi\/wp-json\/wp\/v2\/pages\/3451\/revisions"}],"predecessor-version":[{"id":6038,"href":"https:\/\/www.molkky.com\/fi\/wp-json\/wp\/v2\/pages\/3451\/revisions\/6038"}],"wp:attachment":[{"href":"https:\/\/www.molkky.com\/fi\/wp-json\/wp\/v2\/media?parent=3451"}],"curies":[{"name":"wp","href":"https:\/\/api.w.org\/{rel}","templated":true}]}}