{"id":5243,"date":"2024-06-17T15:52:56","date_gmt":"2024-06-17T12:52:56","guid":{"rendered":"https:\/\/www.molkky.com\/contact\/"},"modified":"2025-03-27T13:12:43","modified_gmt":"2025-03-27T11:12:43","slug":"contact","status":"publish","type":"page","link":"https:\/\/www.molkky.com\/fr\/contact\/","title":{"rendered":"Contact"},"content":{"rendered":"\t\t<div data-elementor-type=\"wp-page\" data-elementor-id=\"5243\" class=\"elementor elementor-5243 elementor-2487\" data-elementor-post-type=\"page\">\n\t\t\t\t<div class=\"elementor-element elementor-element-4a541a86 e-con-full e-flex e-con e-parent\" data-id=\"4a541a86\" data-element_type=\"container\" data-e-type=\"container\" data-settings=\"{&quot;background_background&quot;:&quot;classic&quot;}\">\n\t\t\t\t<\/div>\n\t\t<div class=\"elementor-element elementor-element-ca860a1 e-flex e-con-boxed e-con e-parent\" data-id=\"ca860a1\" data-element_type=\"container\" data-e-type=\"container\">\n\t\t\t\t\t<div class=\"e-con-inner\">\n\t\t<div class=\"elementor-element elementor-element-6e09c218 e-con-full e-flex e-con e-child\" data-id=\"6e09c218\" data-element_type=\"container\" data-e-type=\"container\" data-settings=\"{&quot;background_background&quot;:&quot;classic&quot;}\">\n\t\t\t\t<div class=\"elementor-element elementor-element-47e12966 elementor-widget elementor-widget-heading\" data-id=\"47e12966\" data-element_type=\"widget\" data-e-type=\"widget\" data-widget_type=\"heading.default\">\n\t\t\t\t<div class=\"elementor-widget-container\">\n\t\t\t\t\t<h1 class=\"elementor-heading-title elementor-size-default\">Avez-vous des questions ?<\/h1>\t\t\t\t<\/div>\n\t\t\t\t<\/div>\n\t\t\t\t<div class=\"elementor-element elementor-element-7fdca6a6 elementor-widget elementor-widget-text-editor\" data-id=\"7fdca6a6\" data-element_type=\"widget\" data-e-type=\"widget\" data-widget_type=\"text-editor.default\">\n\t\t\t\t<div class=\"elementor-widget-container\">\n\t\t\t\t\t\t\t\t\t<p>Vous pouvez nous contacter par e-mail \u00e0 <a href=\"mailto:info@molkky.com\"><span style=\"text-decoration: underline; color: #7a7a7a;\">info@molkky.com<\/span><\/a>.<\/p>\n\t\t\t\t\t\t\t\t<\/div>\n\t\t\t\t<\/div>\n\t\t\t\t<div class=\"elementor-element elementor-element-c8545fb elementor-widget elementor-widget-text-editor\" data-id=\"c8545fb\" data-element_type=\"widget\" data-e-type=\"widget\" data-widget_type=\"text-editor.default\">\n\t\t\t\t<div class=\"elementor-widget-container\">\n\t\t\t\t\t\t\t\t\t<p><b>Mikko Sepp\u00e4<\/b><\/p><p>PDG<br \/><a href=\"mailto:mikko.seppa@molkky.com\"><span style=\"color: #7a7a7a;\">mikko.seppa@molkky.com<\/span><\/a><br \/>+358 50 469 9690<\/p>\t\t\t\t\t\t\t\t<\/div>\n\t\t\t\t<\/div>\n\t\t\t\t<div class=\"elementor-element elementor-element-9eda938 elementor-widget elementor-widget-heading\" data-id=\"9eda938\" data-element_type=\"widget\" data-e-type=\"widget\" data-widget_type=\"heading.default\">\n\t\t\t\t<div class=\"elementor-widget-container\">\n\t\t\t\t\t<h4 class=\"elementor-heading-title elementor-size-default\">Vous souhaitez devenir distributeur ?<\/h4>\t\t\t\t<\/div>\n\t\t\t\t<\/div>\n\t\t<div class=\"elementor-element elementor-element-6c56543 e-grid e-con-full e-con e-child\" data-id=\"6c56543\" data-element_type=\"container\" data-e-type=\"container\">\n\t\t\t\t<div class=\"elementor-element elementor-element-8b76167 elementor-widget elementor-widget-text-editor\" data-id=\"8b76167\" data-element_type=\"widget\" data-e-type=\"widget\" data-widget_type=\"text-editor.default\">\n\t\t\t\t<div class=\"elementor-widget-container\">\n\t\t\t\t\t\t\t\t\t<p><strong>Sami Viljanen<\/strong><\/p>\n<p>Ventes \u00e0 l&rsquo;export<br \/><a href=\"mailto:info@molkky.com\"><span style=\"color: #7a7a7a;\">sami.viljanen@tactic.net<\/span><\/a><br \/>+358 50 599 3565<\/p>\n\t\t\t\t\t\t\t\t<\/div>\n\t\t\t\t<\/div>\n\t\t\t\t<div class=\"elementor-element elementor-element-14a96c3 elementor-widget elementor-widget-text-editor\" data-id=\"14a96c3\" data-element_type=\"widget\" data-e-type=\"widget\" data-widget_type=\"text-editor.default\">\n\t\t\t\t<div class=\"elementor-widget-container\">\n\t\t\t\t\t\t\t\t\t<p><strong>Juha Nieminen<\/strong><\/p>\n<p>Directeur des ventes<br><a href=\"mailto:info@molkky.com\"><span style=\"color: #7a7a7a;\">juha.nieminen@tactic.net<\/span><\/a><\/p>\t\t\t\t\t\t\t\t<\/div>\n\t\t\t\t<\/div>\n\t\t\t\t<\/div>\n\t\t\t\t<\/div>\n\t\t\t\t\t<\/div>\n\t\t\t\t<\/div>\n\t\t<div class=\"elementor-element elementor-element-4dd75e7 e-flex e-con-boxed e-con e-parent\" data-id=\"4dd75e7\" data-element_type=\"container\" data-e-type=\"container\" data-settings=\"{&quot;background_background&quot;:&quot;classic&quot;}\">\n\t\t\t\t\t<div class=\"e-con-inner\">\n\t\t<div class=\"elementor-element elementor-element-e995e5e e-grid e-con-full e-con e-child\" data-id=\"e995e5e\" data-element_type=\"container\" data-e-type=\"container\">\n\t\t<div class=\"elementor-element elementor-element-5cfff3f e-con-full e-flex e-con e-child\" data-id=\"5cfff3f\" data-element_type=\"container\" data-e-type=\"container\" data-settings=\"{&quot;background_background&quot;:&quot;classic&quot;}\">\n\t\t\t\t<\/div>\n\t\t<div class=\"elementor-element elementor-element-63ce21a e-con-full e-flex e-con e-child\" data-id=\"63ce21a\" data-element_type=\"container\" data-e-type=\"container\" data-settings=\"{&quot;background_background&quot;:&quot;classic&quot;}\">\n\t\t\t\t<\/div>\n\t\t\t\t<\/div>\n\t\t\t\t\t<\/div>\n\t\t\t\t<\/div>\n\t\t\t\t<\/div>\n\t\t","protected":false},"excerpt":{"rendered":"<p>Avez-vous des questions ? Vous pouvez nous contacter par e-mail \u00e0 info@molkky.com. Mikko Sepp\u00e4 PDGmikko.seppa@molkky.com+358 50 469 9690 Vous souhaitez devenir distributeur ? Sami Viljanen Ventes \u00e0 l&rsquo;exportsami.viljanen@tactic.net+358 50 599 3565 Juha Nieminen Directeur des ventesjuha.nieminen@tactic.net<\/p>\n","protected":false},"author":1,"featured_media":0,"parent":0,"menu_order":0,"comment_status":"closed","ping_status":"closed","template":"","meta":{"footnotes":""},"class_list":["post-5243","page","type-page","status-publish","hentry"],"_links":{"self":[{"href":"https:\/\/www.molkky.com\/fr\/wp-json\/wp\/v2\/pages\/5243","targetHints":{"allow":["GET"]}}],"collection":[{"href":"https:\/\/www.molkky.com\/fr\/wp-json\/wp\/v2\/pages"}],"about":[{"href":"https:\/\/www.molkky.com\/fr\/wp-json\/wp\/v2\/types\/page"}],"author":[{"embeddable":true,"href":"https:\/\/www.molkky.com\/fr\/wp-json\/wp\/v2\/users\/1"}],"replies":[{"embeddable":true,"href":"https:\/\/www.molkky.com\/fr\/wp-json\/wp\/v2\/comments?post=5243"}],"version-history":[{"count":4,"href":"https:\/\/www.molkky.com\/fr\/wp-json\/wp\/v2\/pages\/5243\/revisions"}],"predecessor-version":[{"id":5384,"href":"https:\/\/www.molkky.com\/fr\/wp-json\/wp\/v2\/pages\/5243\/revisions\/5384"}],"wp:attachment":[{"href":"https:\/\/www.molkky.com\/fr\/wp-json\/wp\/v2\/media?parent=5243"}],"curies":[{"name":"wp","href":"https:\/\/api.w.org\/{rel}","templated":true}]}}