{"id":5311,"date":"2024-06-17T15:50:05","date_gmt":"2024-06-17T12:50:05","guid":{"rendered":"https:\/\/www.molkky.com\/regles\/"},"modified":"2025-03-27T10:45:57","modified_gmt":"2025-03-27T08:45:57","slug":"regles","status":"publish","type":"page","link":"https:\/\/www.molkky.com\/fr\/regles\/","title":{"rendered":"R\u00e8gles"},"content":{"rendered":"\t\t<div data-elementor-type=\"wp-page\" data-elementor-id=\"5311\" class=\"elementor elementor-5311 elementor-2472\" data-elementor-post-type=\"page\">\n\t\t\t\t<div class=\"elementor-element elementor-element-caa2b35 e-con-full e-flex e-con e-parent\" data-id=\"caa2b35\" data-element_type=\"container\" data-e-type=\"container\" data-settings=\"{&quot;background_background&quot;:&quot;classic&quot;}\">\n\t\t\t\t<\/div>\n\t\t<div class=\"elementor-element elementor-element-0affc5f e-flex e-con-boxed e-con e-parent\" data-id=\"0affc5f\" data-element_type=\"container\" data-e-type=\"container\">\n\t\t\t\t\t<div class=\"e-con-inner\">\n\t\t<div class=\"elementor-element elementor-element-84bcba5 e-con-full e-flex e-con e-child\" data-id=\"84bcba5\" data-element_type=\"container\" data-e-type=\"container\" data-settings=\"{&quot;background_background&quot;:&quot;classic&quot;}\">\n\t\t\t\t<div class=\"elementor-element elementor-element-e184220 elementor-widget elementor-widget-heading\" data-id=\"e184220\" data-element_type=\"widget\" data-e-type=\"widget\" data-widget_type=\"heading.default\">\n\t\t\t\t<div class=\"elementor-widget-container\">\n\t\t\t\t\t<h1 class=\"elementor-heading-title elementor-size-default\">Suivez les r\u00e8gles mais brisez la norme<\/h1>\t\t\t\t<\/div>\n\t\t\t\t<\/div>\n\t\t\t\t<div class=\"elementor-element elementor-element-04e8b8f elementor-widget elementor-widget-text-editor\" data-id=\"04e8b8f\" data-element_type=\"widget\" data-e-type=\"widget\" data-widget_type=\"text-editor.default\">\n\t\t\t\t<div class=\"elementor-widget-container\">\n\t\t\t\t\t\t\t\t\tVisez, lancez et atteignez 50 points. Simple et clair \u2013 mais incroyablement addictif. \n\nC\u2019est \u00e7a, le vrai M\u00f6lkky<sup>\u00ae<\/sup>.\t\t\t\t\t\t\t\t<\/div>\n\t\t\t\t<\/div>\n\t\t\t\t<div class=\"elementor-element elementor-element-437674d elementor-widget elementor-widget-image\" data-id=\"437674d\" data-element_type=\"widget\" data-e-type=\"widget\" data-widget_type=\"image.default\">\n\t\t\t\t<div class=\"elementor-widget-container\">\n\t\t\t\t\t\t\t\t\t\t\t\t\t\t\t\t<a href=\"https:\/\/www.molkky.com\/v2\/wp-content\/uploads\/2024\/07\/Molkky\u00ae_rules_24_pictograms_190624-kopio.png\" data-elementor-open-lightbox=\"no\">\n\t\t\t\t\t\t\t<img fetchpriority=\"high\" decoding=\"async\" width=\"2429\" height=\"1128\" src=\"https:\/\/www.molkky.com\/wp-content\/uploads\/2024\/07\/Molkky\u00ae_rules_24_pictograms_190624-kopio.png\" class=\"attachment-full size-full wp-image-5318\" alt=\"\" srcset=\"https:\/\/www.molkky.com\/wp-content\/uploads\/2024\/07\/Molkky\u00ae_rules_24_pictograms_190624-kopio.png 2429w, https:\/\/www.molkky.com\/wp-content\/uploads\/2024\/07\/Molkky\u00ae_rules_24_pictograms_190624-kopio-300x139.png 300w, https:\/\/www.molkky.com\/wp-content\/uploads\/2024\/07\/Molkky\u00ae_rules_24_pictograms_190624-kopio-1024x476.png 1024w, https:\/\/www.molkky.com\/wp-content\/uploads\/2024\/07\/Molkky\u00ae_rules_24_pictograms_190624-kopio-768x357.png 768w, https:\/\/www.molkky.com\/wp-content\/uploads\/2024\/07\/Molkky\u00ae_rules_24_pictograms_190624-kopio-1536x713.png 1536w, https:\/\/www.molkky.com\/wp-content\/uploads\/2024\/07\/Molkky\u00ae_rules_24_pictograms_190624-kopio-2048x951.png 2048w\" sizes=\"(max-width: 2429px) 100vw, 2429px\" \/>\t\t\t\t\t\t\t\t<\/a>\n\t\t\t\t\t\t\t\t\t\t\t\t\t\t\t<\/div>\n\t\t\t\t<\/div>\n\t\t\t\t<div class=\"elementor-element elementor-element-3442efb elementor-widget elementor-widget-toggle\" data-id=\"3442efb\" data-element_type=\"widget\" data-e-type=\"widget\" data-widget_type=\"toggle.default\">\n\t\t\t\t<div class=\"elementor-widget-container\">\n\t\t\t\t\t\t\t<div class=\"elementor-toggle\">\n\t\t\t\t\t\t\t<div class=\"elementor-toggle-item\">\n\t\t\t\t\t<div id=\"elementor-tab-title-5481\" class=\"elementor-tab-title\" data-tab=\"1\" role=\"button\" aria-controls=\"elementor-tab-content-5481\" aria-expanded=\"false\">\n\t\t\t\t\t\t\t\t\t\t\t\t<span class=\"elementor-toggle-icon elementor-toggle-icon-left\" aria-hidden=\"true\">\n\t\t\t\t\t\t\t\t\t\t\t\t\t\t\t<span class=\"elementor-toggle-icon-closed\"><svg class=\"e-font-icon-svg e-fas-angle-down\" viewBox=\"0 0 320 512\" xmlns=\"http:\/\/www.w3.org\/2000\/svg\"><path d=\"M143 352.3L7 216.3c-9.4-9.4-9.4-24.6 0-33.9l22.6-22.6c9.4-9.4 24.6-9.4 33.9 0l96.4 96.4 96.4-96.4c9.4-9.4 24.6-9.4 33.9 0l22.6 22.6c9.4 9.4 9.4 24.6 0 33.9l-136 136c-9.2 9.4-24.4 9.4-33.8 0z\"><\/path><\/svg><\/span>\n\t\t\t\t\t\t\t\t<span class=\"elementor-toggle-icon-opened\"><svg class=\"elementor-toggle-icon-opened e-font-icon-svg e-fas-angle-up\" viewBox=\"0 0 320 512\" xmlns=\"http:\/\/www.w3.org\/2000\/svg\"><path d=\"M177 159.7l136 136c9.4 9.4 9.4 24.6 0 33.9l-22.6 22.6c-9.4 9.4-24.6 9.4-33.9 0L160 255.9l-96.4 96.4c-9.4 9.4-24.6 9.4-33.9 0L7 329.7c-9.4-9.4-9.4-24.6 0-33.9l136-136c9.4-9.5 24.6-9.5 34-.1z\"><\/path><\/svg><\/span>\n\t\t\t\t\t\t\t\t\t\t\t\t\t<\/span>\n\t\t\t\t\t\t\t\t\t\t\t\t<a class=\"elementor-toggle-title\" tabindex=\"0\">Commencer<\/a>\n\t\t\t\t\t<\/div>\n\n\t\t\t\t\t<div id=\"elementor-tab-content-5481\" class=\"elementor-tab-content elementor-clearfix\" data-tab=\"1\" role=\"region\" aria-labelledby=\"elementor-tab-title-5481\"><p>a) Disposez les quilles num\u00e9rot\u00e9es.<\/p>\n<p><img decoding=\"async\" class=\"alignnone size-medium wp-image-3373\" src=\"https:\/\/www.molkky.com\/v2\/wp-content\/uploads\/2024\/07\/a-143x300.png\" alt=\"\" width=\"143\" height=\"300\" srcset=\"https:\/\/www.molkky.com\/wp-content\/uploads\/2024\/07\/a-143x300.png 143w, https:\/\/www.molkky.com\/wp-content\/uploads\/2024\/07\/a.png 482w\" sizes=\"(max-width: 143px) 100vw, 143px\" \/><\/p>\n<p>b) Les joueurs cherchent \u00e0 faire tomber les quilles num\u00e9rot\u00e9es \u00e0 l&rsquo;aide de la quille de lancer.<\/p>\n<p><img decoding=\"async\" class=\"alignnone size-medium wp-image-3375\" src=\"https:\/\/www.molkky.com\/v2\/wp-content\/uploads\/2024\/07\/b-300x178.png\" alt=\"\" width=\"300\" height=\"178\" srcset=\"https:\/\/www.molkky.com\/wp-content\/uploads\/2024\/07\/b-300x178.png 300w, https:\/\/www.molkky.com\/wp-content\/uploads\/2024\/07\/b-768x457.png 768w, https:\/\/www.molkky.com\/wp-content\/uploads\/2024\/07\/b.png 802w\" sizes=\"(max-width: 300px) 100vw, 300px\" \/><\/p>\n<\/div>\n\t\t\t\t<\/div>\n\t\t\t\t\t\t\t<div class=\"elementor-toggle-item\">\n\t\t\t\t\t<div id=\"elementor-tab-title-5482\" class=\"elementor-tab-title\" data-tab=\"2\" role=\"button\" aria-controls=\"elementor-tab-content-5482\" aria-expanded=\"false\">\n\t\t\t\t\t\t\t\t\t\t\t\t<span class=\"elementor-toggle-icon elementor-toggle-icon-left\" aria-hidden=\"true\">\n\t\t\t\t\t\t\t\t\t\t\t\t\t\t\t<span class=\"elementor-toggle-icon-closed\"><svg class=\"e-font-icon-svg e-fas-angle-down\" viewBox=\"0 0 320 512\" xmlns=\"http:\/\/www.w3.org\/2000\/svg\"><path d=\"M143 352.3L7 216.3c-9.4-9.4-9.4-24.6 0-33.9l22.6-22.6c9.4-9.4 24.6-9.4 33.9 0l96.4 96.4 96.4-96.4c9.4-9.4 24.6-9.4 33.9 0l22.6 22.6c9.4 9.4 9.4 24.6 0 33.9l-136 136c-9.2 9.4-24.4 9.4-33.8 0z\"><\/path><\/svg><\/span>\n\t\t\t\t\t\t\t\t<span class=\"elementor-toggle-icon-opened\"><svg class=\"elementor-toggle-icon-opened e-font-icon-svg e-fas-angle-up\" viewBox=\"0 0 320 512\" xmlns=\"http:\/\/www.w3.org\/2000\/svg\"><path d=\"M177 159.7l136 136c9.4 9.4 9.4 24.6 0 33.9l-22.6 22.6c-9.4 9.4-24.6 9.4-33.9 0L160 255.9l-96.4 96.4c-9.4 9.4-24.6 9.4-33.9 0L7 329.7c-9.4-9.4-9.4-24.6 0-33.9l136-136c9.4-9.5 24.6-9.5 34-.1z\"><\/path><\/svg><\/span>\n\t\t\t\t\t\t\t\t\t\t\t\t\t<\/span>\n\t\t\t\t\t\t\t\t\t\t\t\t<a class=\"elementor-toggle-title\" tabindex=\"0\">Calcul des points<\/a>\n\t\t\t\t\t<\/div>\n\n\t\t\t\t\t<div id=\"elementor-tab-content-5482\" class=\"elementor-tab-content elementor-clearfix\" data-tab=\"2\" role=\"region\" aria-labelledby=\"elementor-tab-title-5482\"><p>c) Lorsqu&rsquo;un joueur renverse plusieurs quilles, son score est \u00e9gal \u00e0 la somme des quilles renvers\u00e9es.<\/p>\n<p><img loading=\"lazy\" decoding=\"async\" class=\"alignnone size-medium wp-image-3377\" src=\"https:\/\/www.molkky.com\/v2\/wp-content\/uploads\/2024\/07\/c-281x300.png\" alt=\"\" width=\"281\" height=\"300\" srcset=\"https:\/\/www.molkky.com\/wp-content\/uploads\/2024\/07\/c-281x300.png 281w, https:\/\/www.molkky.com\/wp-content\/uploads\/2024\/07\/c.png 446w\" sizes=\"(max-width: 281px) 100vw, 281px\" \/><\/p>\n<p>d) Les quilles renvers\u00e9es doivent \u00eatre replac\u00e9es \u00e0 l\u2019endroit o\u00f9 elles sont tomb\u00e9es, puis c\u2019est au tour du joueur suivant. <\/p>\n<p><img loading=\"lazy\" decoding=\"async\" class=\"alignnone size-medium wp-image-3379\" src=\"https:\/\/www.molkky.com\/v2\/wp-content\/uploads\/2024\/07\/d-279x300.png\" alt=\"\" width=\"279\" height=\"300\" srcset=\"https:\/\/www.molkky.com\/wp-content\/uploads\/2024\/07\/d-279x300.png 279w, https:\/\/www.molkky.com\/wp-content\/uploads\/2024\/07\/d.png 443w\" sizes=\"(max-width: 279px) 100vw, 279px\" \/><\/p>\n<p>e) Lorsqu&rsquo;un joueur renverse une seule quille, il marque les points indiqu\u00e9s sur celle-ci.<\/p>\n<p><img loading=\"lazy\" decoding=\"async\" class=\"alignnone size-medium wp-image-3381\" src=\"https:\/\/www.molkky.com\/v2\/wp-content\/uploads\/2024\/07\/e-227x300.png\" alt=\"\" width=\"227\" height=\"300\" srcset=\"https:\/\/www.molkky.com\/wp-content\/uploads\/2024\/07\/e-227x300.png 227w, https:\/\/www.molkky.com\/wp-content\/uploads\/2024\/07\/e.png 362w\" sizes=\"(max-width: 227px) 100vw, 227px\" \/><\/p>\n<\/div>\n\t\t\t\t<\/div>\n\t\t\t\t\t\t\t<div class=\"elementor-toggle-item\">\n\t\t\t\t\t<div id=\"elementor-tab-title-5483\" class=\"elementor-tab-title\" data-tab=\"3\" role=\"button\" aria-controls=\"elementor-tab-content-5483\" aria-expanded=\"false\">\n\t\t\t\t\t\t\t\t\t\t\t\t<span class=\"elementor-toggle-icon elementor-toggle-icon-left\" aria-hidden=\"true\">\n\t\t\t\t\t\t\t\t\t\t\t\t\t\t\t<span class=\"elementor-toggle-icon-closed\"><svg class=\"e-font-icon-svg e-fas-angle-down\" viewBox=\"0 0 320 512\" xmlns=\"http:\/\/www.w3.org\/2000\/svg\"><path d=\"M143 352.3L7 216.3c-9.4-9.4-9.4-24.6 0-33.9l22.6-22.6c9.4-9.4 24.6-9.4 33.9 0l96.4 96.4 96.4-96.4c9.4-9.4 24.6-9.4 33.9 0l22.6 22.6c9.4 9.4 9.4 24.6 0 33.9l-136 136c-9.2 9.4-24.4 9.4-33.8 0z\"><\/path><\/svg><\/span>\n\t\t\t\t\t\t\t\t<span class=\"elementor-toggle-icon-opened\"><svg class=\"elementor-toggle-icon-opened e-font-icon-svg e-fas-angle-up\" viewBox=\"0 0 320 512\" xmlns=\"http:\/\/www.w3.org\/2000\/svg\"><path d=\"M177 159.7l136 136c9.4 9.4 9.4 24.6 0 33.9l-22.6 22.6c-9.4 9.4-24.6 9.4-33.9 0L160 255.9l-96.4 96.4c-9.4 9.4-24.6 9.4-33.9 0L7 329.7c-9.4-9.4-9.4-24.6 0-33.9l136-136c9.4-9.5 24.6-9.5 34-.1z\"><\/path><\/svg><\/span>\n\t\t\t\t\t\t\t\t\t\t\t\t\t<\/span>\n\t\t\t\t\t\t\t\t\t\t\t\t<a class=\"elementor-toggle-title\" tabindex=\"0\">Fin du jeu<\/a>\n\t\t\t\t\t<\/div>\n\n\t\t\t\t\t<div id=\"elementor-tab-content-5483\" class=\"elementor-tab-content elementor-clearfix\" data-tab=\"3\" role=\"region\" aria-labelledby=\"elementor-tab-title-5483\"><p>f) Le jeu se termine lorsqu&rsquo;un des joueurs totalise exactement 50 points.<\/p>\n<p><img loading=\"lazy\" decoding=\"async\" class=\"alignnone size-medium wp-image-3383\" src=\"https:\/\/www.molkky.com\/v2\/wp-content\/uploads\/2024\/07\/f-273x300.png\" alt=\"\" width=\"273\" height=\"300\" srcset=\"https:\/\/www.molkky.com\/wp-content\/uploads\/2024\/07\/f-273x300.png 273w, https:\/\/www.molkky.com\/wp-content\/uploads\/2024\/07\/f.png 440w\" sizes=\"(max-width: 273px) 100vw, 273px\" \/><\/p>\n<\/div>\n\t\t\t\t<\/div>\n\t\t\t\t\t\t\t<div class=\"elementor-toggle-item\">\n\t\t\t\t\t<div id=\"elementor-tab-title-5484\" class=\"elementor-tab-title\" data-tab=\"4\" role=\"button\" aria-controls=\"elementor-tab-content-5484\" aria-expanded=\"false\">\n\t\t\t\t\t\t\t\t\t\t\t\t<span class=\"elementor-toggle-icon elementor-toggle-icon-left\" aria-hidden=\"true\">\n\t\t\t\t\t\t\t\t\t\t\t\t\t\t\t<span class=\"elementor-toggle-icon-closed\"><svg class=\"e-font-icon-svg e-fas-angle-down\" viewBox=\"0 0 320 512\" xmlns=\"http:\/\/www.w3.org\/2000\/svg\"><path d=\"M143 352.3L7 216.3c-9.4-9.4-9.4-24.6 0-33.9l22.6-22.6c9.4-9.4 24.6-9.4 33.9 0l96.4 96.4 96.4-96.4c9.4-9.4 24.6-9.4 33.9 0l22.6 22.6c9.4 9.4 9.4 24.6 0 33.9l-136 136c-9.2 9.4-24.4 9.4-33.8 0z\"><\/path><\/svg><\/span>\n\t\t\t\t\t\t\t\t<span class=\"elementor-toggle-icon-opened\"><svg class=\"elementor-toggle-icon-opened e-font-icon-svg e-fas-angle-up\" viewBox=\"0 0 320 512\" xmlns=\"http:\/\/www.w3.org\/2000\/svg\"><path d=\"M177 159.7l136 136c9.4 9.4 9.4 24.6 0 33.9l-22.6 22.6c-9.4 9.4-24.6 9.4-33.9 0L160 255.9l-96.4 96.4c-9.4 9.4-24.6 9.4-33.9 0L7 329.7c-9.4-9.4-9.4-24.6 0-33.9l136-136c9.4-9.5 24.6-9.5 34-.1z\"><\/path><\/svg><\/span>\n\t\t\t\t\t\t\t\t\t\t\t\t\t<\/span>\n\t\t\t\t\t\t\t\t\t\t\t\t<a class=\"elementor-toggle-title\" tabindex=\"0\">Faites attention !<\/a>\n\t\t\t\t\t<\/div>\n\n\t\t\t\t\t<div id=\"elementor-tab-content-5484\" class=\"elementor-tab-content elementor-clearfix\" data-tab=\"4\" role=\"region\" aria-labelledby=\"elementor-tab-title-5484\"><p>!) Si le joueur d\u00e9passe les 50 points, son score est ramen\u00e9 \u00e0 25.<\/p>\n<p><img loading=\"lazy\" decoding=\"async\" class=\"alignnone size-medium wp-image-3385\" src=\"https:\/\/www.molkky.com\/v2\/wp-content\/uploads\/2024\/07\/unnamed-file-244x300.png\" alt=\"\" width=\"244\" height=\"300\" srcset=\"https:\/\/www.molkky.com\/wp-content\/uploads\/2024\/07\/unnamed-file-244x300.png 244w, https:\/\/www.molkky.com\/wp-content\/uploads\/2024\/07\/unnamed-file.png 394w\" sizes=\"(max-width: 244px) 100vw, 244px\" \/><\/p>\n<p>!!) 3 \u00e9checs cons\u00e9cutifs = le joueur est \u00e9limin\u00e9 de la partie.<\/p>\n<p><img loading=\"lazy\" decoding=\"async\" class=\"alignnone size-medium wp-image-3387\" src=\"https:\/\/www.molkky.com\/v2\/wp-content\/uploads\/2024\/07\/unnamed-file-1-269x300.png\" alt=\"\" width=\"269\" height=\"300\" srcset=\"https:\/\/www.molkky.com\/wp-content\/uploads\/2024\/07\/unnamed-file-1-269x300.png 269w, https:\/\/www.molkky.com\/wp-content\/uploads\/2024\/07\/unnamed-file-1.png 434w\" sizes=\"(max-width: 269px) 100vw, 269px\" \/><\/p>\n<\/div>\n\t\t\t\t<\/div>\n\t\t\t\t\t\t\t\t<\/div>\n\t\t\t\t\t\t<\/div>\n\t\t\t\t<\/div>\n\t\t\t\t<\/div>\n\t\t\t\t\t<\/div>\n\t\t\t\t<\/div>\n\t\t<div class=\"elementor-element elementor-element-c677c02 e-flex e-con-boxed e-con e-parent\" data-id=\"c677c02\" data-element_type=\"container\" data-e-type=\"container\">\n\t\t\t\t\t<div class=\"e-con-inner\">\n\t\t<div class=\"elementor-element elementor-element-e3807d1 e-con-full e-flex e-con e-child\" data-id=\"e3807d1\" data-element_type=\"container\" data-e-type=\"container\" data-settings=\"{&quot;background_background&quot;:&quot;classic&quot;}\">\n\t\t\t\t<div class=\"elementor-element elementor-element-4b36c8d elementor-widget elementor-widget-heading\" data-id=\"4b36c8d\" data-element_type=\"widget\" data-e-type=\"widget\" data-widget_type=\"heading.default\">\n\t\t\t\t<div class=\"elementor-widget-container\">\n\t\t\t\t\t<h1 class=\"elementor-heading-title elementor-size-default\">M\u00f6lkky\u00ae - Regardez la vid\u00e9o pour apprendre \u00e0 jouer<\/h1>\t\t\t\t<\/div>\n\t\t\t\t<\/div>\n\t\t\t\t<div class=\"elementor-element elementor-element-3ec83eb elementor-widget elementor-widget-video\" data-id=\"3ec83eb\" data-element_type=\"widget\" data-e-type=\"widget\" data-settings=\"{&quot;youtube_url&quot;:&quot;https:\\\/\\\/youtu.be\\\/_5IJG9Ugmpc?si=7AWg-Uw_PSlqUtR0&quot;,&quot;video_type&quot;:&quot;youtube&quot;,&quot;controls&quot;:&quot;yes&quot;}\" data-widget_type=\"video.default\">\n\t\t\t\t<div class=\"elementor-widget-container\">\n\t\t\t\t\t\t\t<div class=\"elementor-wrapper elementor-open-inline\">\n\t\t\t<div class=\"elementor-video\"><\/div>\t\t<\/div>\n\t\t\t\t\t\t<\/div>\n\t\t\t\t<\/div>\n\t\t\t\t<\/div>\n\t\t\t\t\t<\/div>\n\t\t\t\t<\/div>\n\t\t<div class=\"elementor-element elementor-element-1d1769f0 e-flex e-con-boxed e-con e-parent\" data-id=\"1d1769f0\" data-element_type=\"container\" data-e-type=\"container\" data-settings=\"{&quot;background_background&quot;:&quot;classic&quot;}\">\n\t\t\t\t\t<div class=\"e-con-inner\">\n\t\t<div class=\"elementor-element elementor-element-57e2a03f e-con-full e-flex e-con e-child\" data-id=\"57e2a03f\" data-element_type=\"container\" data-e-type=\"container\">\n\t\t\t\t<div class=\"elementor-element elementor-element-5c47306f elementor-widget elementor-widget-heading\" data-id=\"5c47306f\" data-element_type=\"widget\" data-e-type=\"widget\" data-widget_type=\"heading.default\">\n\t\t\t\t<div class=\"elementor-widget-container\">\n\t\t\t\t\t<h2 class=\"elementor-heading-title elementor-size-default\">M\u00f6lkky<sup>\u00ae<\/sup> Game Tracker<\/h2>\t\t\t\t<\/div>\n\t\t\t\t<\/div>\n\t\t\t\t<div class=\"elementor-element elementor-element-1082ee74 elementor-widget elementor-widget-text-editor\" data-id=\"1082ee74\" data-element_type=\"widget\" data-e-type=\"widget\" data-widget_type=\"text-editor.default\">\n\t\t\t\t<div class=\"elementor-widget-container\">\n\t\t\t\t\t\t\t\t\t<p>Il est maintenant encore plus facile de suivre votre jeu de M\u00f6lkky\u00ae. Le nouveau Suivi de jeu M\u00f6lkky\u00ae est une application gratuite, \u00e9l\u00e9gante et facile \u00e0 utiliser qui vous permet de suivre vos progr\u00e8s dans le jeu. Marquez les quilles tomb\u00e9es dans le tour, l&rsquo;application se chargera du calcul des scores pour vous.  <\/p>\n\t\t\t\t\t\t\t\t<\/div>\n\t\t\t\t<\/div>\n\t\t<div class=\"elementor-element elementor-element-7335fc17 e-grid e-con-full e-con e-child\" data-id=\"7335fc17\" data-element_type=\"container\" data-e-type=\"container\">\n\t\t\t\t<div class=\"elementor-element elementor-element-445a6def elementor-widget elementor-widget-image\" data-id=\"445a6def\" data-element_type=\"widget\" data-e-type=\"widget\" data-widget_type=\"image.default\">\n\t\t\t\t<div class=\"elementor-widget-container\">\n\t\t\t\t\t\t\t\t\t\t\t\t\t\t\t\t<a href=\"https:\/\/play.google.com\/store\/apps\/details?id=com.tacticgames.molkkyscoretracker\" target=\"_blank\">\n\t\t\t\t\t\t\t<img loading=\"lazy\" decoding=\"async\" width=\"159\" height=\"47\" src=\"https:\/\/www.molkky.com\/wp-content\/uploads\/2018\/05\/googleplay.png\" class=\"attachment-full size-full wp-image-1994\" alt=\"\" \/>\t\t\t\t\t\t\t\t<\/a>\n\t\t\t\t\t\t\t\t\t\t\t\t\t\t\t<\/div>\n\t\t\t\t<\/div>\n\t\t\t\t<div class=\"elementor-element elementor-element-18d898f0 elementor-widget elementor-widget-image\" data-id=\"18d898f0\" data-element_type=\"widget\" data-e-type=\"widget\" data-widget_type=\"image.default\">\n\t\t\t\t<div class=\"elementor-widget-container\">\n\t\t\t\t\t\t\t\t\t\t\t\t\t\t\t\t<a href=\"https:\/\/apps.apple.com\/us\/app\/m%C3%B6lkky-game-tracker\/id945337832\" target=\"_blank\">\n\t\t\t\t\t\t\t<img loading=\"lazy\" decoding=\"async\" width=\"140\" height=\"47\" src=\"https:\/\/www.molkky.com\/wp-content\/uploads\/2018\/05\/appstore.png\" class=\"attachment-full size-full wp-image-1993\" alt=\"\" \/>\t\t\t\t\t\t\t\t<\/a>\n\t\t\t\t\t\t\t\t\t\t\t\t\t\t\t<\/div>\n\t\t\t\t<\/div>\n\t\t\t\t<\/div>\n\t\t\t\t<\/div>\n\t\t<div class=\"elementor-element elementor-element-6d5af83b e-con-full e-flex e-con e-child\" data-id=\"6d5af83b\" data-element_type=\"container\" data-e-type=\"container\">\n\t\t\t\t<div class=\"elementor-element elementor-element-42ad89e6 elementor-widget elementor-widget-image\" data-id=\"42ad89e6\" data-element_type=\"widget\" data-e-type=\"widget\" data-widget_type=\"image.default\">\n\t\t\t\t<div class=\"elementor-widget-container\">\n\t\t\t\t\t\t\t\t\t\t\t\t\t\t\t<img loading=\"lazy\" decoding=\"async\" width=\"768\" height=\"768\" src=\"https:\/\/www.molkky.com\/wp-content\/uploads\/2024\/06\/molkky_appi-768x768.png\" class=\"attachment-medium_large size-medium_large wp-image-5362\" alt=\"\" srcset=\"https:\/\/www.molkky.com\/wp-content\/uploads\/2024\/06\/molkky_appi-768x768.png 768w, https:\/\/www.molkky.com\/wp-content\/uploads\/2024\/06\/molkky_appi-300x300.png 300w, https:\/\/www.molkky.com\/wp-content\/uploads\/2024\/06\/molkky_appi-150x150.png 150w, https:\/\/www.molkky.com\/wp-content\/uploads\/2024\/06\/molkky_appi.png 1000w\" sizes=\"(max-width: 768px) 100vw, 768px\" \/>\t\t\t\t\t\t\t\t\t\t\t\t\t\t\t<\/div>\n\t\t\t\t<\/div>\n\t\t\t\t<\/div>\n\t\t\t\t\t<\/div>\n\t\t\t\t<\/div>\n\t\t<div class=\"elementor-element elementor-element-ca6960a e-flex e-con-boxed e-con e-parent\" data-id=\"ca6960a\" data-element_type=\"container\" data-e-type=\"container\" data-settings=\"{&quot;background_background&quot;:&quot;classic&quot;}\">\n\t\t\t\t\t<div class=\"e-con-inner\">\n\t\t<div class=\"elementor-element elementor-element-2ac9330 e-grid e-con-full e-con e-child\" data-id=\"2ac9330\" data-element_type=\"container\" data-e-type=\"container\">\n\t\t<div class=\"elementor-element elementor-element-99a37af e-con-full e-flex e-con e-child\" data-id=\"99a37af\" data-element_type=\"container\" data-e-type=\"container\" data-settings=\"{&quot;background_background&quot;:&quot;classic&quot;}\">\n\t\t\t\t<\/div>\n\t\t<div class=\"elementor-element elementor-element-ab766a1 e-con-full e-flex e-con e-child\" data-id=\"ab766a1\" data-element_type=\"container\" data-e-type=\"container\" data-settings=\"{&quot;background_background&quot;:&quot;classic&quot;}\">\n\t\t\t\t<\/div>\n\t\t\t\t<\/div>\n\t\t\t\t\t<\/div>\n\t\t\t\t<\/div>\n\t\t\t\t<\/div>\n\t\t","protected":false},"excerpt":{"rendered":"<p>Suivez les r\u00e8gles mais brisez la norme Visez, lancez et atteignez 50 points. Simple et clair \u2013 mais incroyablement addictif. C\u2019est \u00e7a, le vrai M\u00f6lkky\u00ae. Commencer a) Disposez les quilles num\u00e9rot\u00e9es. b) Les joueurs cherchent \u00e0 faire tomber les quilles num\u00e9rot\u00e9es \u00e0 l&#8217;aide de la quille de lancer. Calcul des points c) Lorsqu&#8217;un joueur renverse [&hellip;]<\/p>\n","protected":false},"author":1,"featured_media":0,"parent":0,"menu_order":0,"comment_status":"closed","ping_status":"closed","template":"","meta":{"footnotes":""},"class_list":["post-5311","page","type-page","status-publish","hentry"],"_links":{"self":[{"href":"https:\/\/www.molkky.com\/fr\/wp-json\/wp\/v2\/pages\/5311","targetHints":{"allow":["GET"]}}],"collection":[{"href":"https:\/\/www.molkky.com\/fr\/wp-json\/wp\/v2\/pages"}],"about":[{"href":"https:\/\/www.molkky.com\/fr\/wp-json\/wp\/v2\/types\/page"}],"author":[{"embeddable":true,"href":"https:\/\/www.molkky.com\/fr\/wp-json\/wp\/v2\/users\/1"}],"replies":[{"embeddable":true,"href":"https:\/\/www.molkky.com\/fr\/wp-json\/wp\/v2\/comments?post=5311"}],"version-history":[{"count":1,"href":"https:\/\/www.molkky.com\/fr\/wp-json\/wp\/v2\/pages\/5311\/revisions"}],"predecessor-version":[{"id":5332,"href":"https:\/\/www.molkky.com\/fr\/wp-json\/wp\/v2\/pages\/5311\/revisions\/5332"}],"wp:attachment":[{"href":"https:\/\/www.molkky.com\/fr\/wp-json\/wp\/v2\/media?parent=5311"}],"curies":[{"name":"wp","href":"https:\/\/api.w.org\/{rel}","templated":true}]}}