{"id":5333,"date":"2024-06-17T15:52:19","date_gmt":"2024-06-17T12:52:19","guid":{"rendered":"https:\/\/www.molkky.com\/valeurs\/"},"modified":"2025-03-27T11:29:50","modified_gmt":"2025-03-27T09:29:50","slug":"valeurs","status":"publish","type":"page","link":"https:\/\/www.molkky.com\/fr\/valeurs\/","title":{"rendered":"Valeurs"},"content":{"rendered":"\t\t<div data-elementor-type=\"wp-page\" data-elementor-id=\"5333\" class=\"elementor elementor-5333 elementor-2481\" data-elementor-post-type=\"page\">\n\t\t\t\t<div class=\"elementor-element elementor-element-63515f5 e-flex e-con-boxed e-con e-parent\" data-id=\"63515f5\" data-element_type=\"container\" data-e-type=\"container\" data-settings=\"{&quot;background_background&quot;:&quot;video&quot;,&quot;background_video_link&quot;:&quot;https:\\\/\\\/youtu.be\\\/Pj27r0-_Wpc&quot;,&quot;background_play_on_mobile&quot;:&quot;yes&quot;,&quot;background_video_start&quot;:0,&quot;background_video_end&quot;:50}\">\n\t\t\t\t\t<div class=\"e-con-inner\">\n\t\t<div class=\"elementor-background-video-container\">\n\t\t\t\t\t\t\t<div class=\"elementor-background-video-embed\" role=\"presentation\"><\/div>\n\t\t\t\t\t\t<\/div>\t\t\t<\/div>\n\t\t\t\t<\/div>\n\t\t<div class=\"elementor-element elementor-element-4bbffef3 e-flex e-con-boxed e-con e-parent\" data-id=\"4bbffef3\" data-element_type=\"container\" data-e-type=\"container\">\n\t\t\t\t\t<div class=\"e-con-inner\">\n\t\t<div class=\"elementor-element elementor-element-392ead4b e-con-full e-flex e-con e-child\" data-id=\"392ead4b\" data-element_type=\"container\" data-e-type=\"container\" data-settings=\"{&quot;background_background&quot;:&quot;classic&quot;}\">\n\t\t\t\t<div class=\"elementor-element elementor-element-4692e1d5 elementor-widget elementor-widget-heading\" data-id=\"4692e1d5\" data-element_type=\"widget\" data-e-type=\"widget\" data-widget_type=\"heading.default\">\n\t\t\t\t<div class=\"elementor-widget-container\">\n\t\t\t\t\t<h1 class=\"elementor-heading-title elementor-size-default\">Champions de la responsabilit\u00e9<\/h1>\t\t\t\t<\/div>\n\t\t\t\t<\/div>\n\t\t\t\t<div class=\"elementor-element elementor-element-1ceb3dda elementor-widget elementor-widget-image\" data-id=\"1ceb3dda\" data-element_type=\"widget\" data-e-type=\"widget\" data-widget_type=\"image.default\">\n\t\t\t\t<div class=\"elementor-widget-container\">\n\t\t\t\t\t\t\t\t\t\t\t\t\t\t\t<img fetchpriority=\"high\" decoding=\"async\" width=\"1140\" height=\"560\" src=\"https:\/\/www.molkky.com\/wp-content\/uploads\/2024\/07\/responsibiliy_1140x560px.jpg\" class=\"attachment-full size-full wp-image-5338\" alt=\"\" srcset=\"https:\/\/www.molkky.com\/wp-content\/uploads\/2024\/07\/responsibiliy_1140x560px.jpg 1140w, https:\/\/www.molkky.com\/wp-content\/uploads\/2024\/07\/responsibiliy_1140x560px-300x147.jpg 300w, https:\/\/www.molkky.com\/wp-content\/uploads\/2024\/07\/responsibiliy_1140x560px-1024x503.jpg 1024w, https:\/\/www.molkky.com\/wp-content\/uploads\/2024\/07\/responsibiliy_1140x560px-768x377.jpg 768w\" sizes=\"(max-width: 1140px) 100vw, 1140px\" \/>\t\t\t\t\t\t\t\t\t\t\t\t\t\t\t<\/div>\n\t\t\t\t<\/div>\n\t\t\t\t<div class=\"elementor-element elementor-element-3a8eeb5d elementor-widget elementor-widget-text-editor\" data-id=\"3a8eeb5d\" data-element_type=\"widget\" data-e-type=\"widget\" data-widget_type=\"text-editor.default\">\n\t\t\t\t<div class=\"elementor-widget-container\">\n\t\t\t\t\t\t\t\t\t<p>Tactic est le producteur de jeux de plein air le plus \u00e9cologique des pays nordiques. Nos principes \u00e9thiques impliquent une approche tr\u00e8s responsable de l&rsquo;environnement, de la production, de la qualit\u00e9 technique, de l&rsquo;humanit\u00e9 et de l&#8217;emploi. <\/p>\n<p>La responsabilit\u00e9 signifie des actions concr\u00e8tes, de l&rsquo;usine de jeux au terrain de jeu. Nous sommes fiers de nos normes de qualit\u00e9 nordiques \u00e9lev\u00e9es, de notre savoir-faire sp\u00e9cialis\u00e9 et de notre position responsable sur les questions environnementales. <\/p>\n\t\t\t\t\t\t\t\t<\/div>\n\t\t\t\t<\/div>\n\t\t\t\t<\/div>\n\t\t\t\t\t<\/div>\n\t\t\t\t<\/div>\n\t\t<div class=\"elementor-element elementor-element-63a944ad e-flex e-con-boxed e-con e-parent\" data-id=\"63a944ad\" data-element_type=\"container\" data-e-type=\"container\" data-settings=\"{&quot;background_background&quot;:&quot;classic&quot;}\">\n\t\t\t\t\t<div class=\"e-con-inner\">\n\t\t<div class=\"elementor-element elementor-element-3bd638f0 e-grid e-con-full e-con e-child\" data-id=\"3bd638f0\" data-element_type=\"container\" data-e-type=\"container\" data-settings=\"{&quot;background_background&quot;:&quot;classic&quot;}\">\n\t\t<div class=\"elementor-element elementor-element-2c524af6 e-con-full e-flex e-con e-child\" data-id=\"2c524af6\" data-element_type=\"container\" data-e-type=\"container\">\n\t\t\t\t<div class=\"elementor-element elementor-element-44822f7d elementor-widget elementor-widget-heading\" data-id=\"44822f7d\" data-element_type=\"widget\" data-e-type=\"widget\" data-widget_type=\"heading.default\">\n\t\t\t\t<div class=\"elementor-widget-container\">\n\t\t\t\t\t<h2 class=\"elementor-heading-title elementor-size-default\">Fabriqu\u00e9 en Finlande<\/h2>\t\t\t\t<\/div>\n\t\t\t\t<\/div>\n\t\t\t\t<div class=\"elementor-element elementor-element-7d9af807 elementor-widget elementor-widget-text-editor\" data-id=\"7d9af807\" data-element_type=\"widget\" data-e-type=\"widget\" data-widget_type=\"text-editor.default\">\n\t\t\t\t<div class=\"elementor-widget-container\">\n\t\t\t\t\t\t\t\t\t<p>Un produit fabriqu\u00e9 en Finlande est un choix \u00e9thique, \u00e9cologique et responsable. M\u00f6lkky<sup>\u00ae<\/sup> est con\u00e7u par des experts finlandais et fabriqu\u00e9 dans notre propre usine \u00e0 Pori, en Finlande, \u00e0 partir de mat\u00e9riaux locaux. Les produits fabriqu\u00e9s en Finlande offrent une transparence bien sup\u00e9rieure \u00e0 ceux fabriqu\u00e9s dans des pays \u00e0 main-d&rsquo;\u0153uvre bon march\u00e9. Votre choix compte \u2013 jouez franc jeu avec le Finlandais !   <\/p>\n\t\t\t\t\t\t\t\t<\/div>\n\t\t\t\t<\/div>\n\t\t\t\t<\/div>\n\t\t<div class=\"elementor-element elementor-element-3c94941b e-con-full e-flex e-con e-child\" data-id=\"3c94941b\" data-element_type=\"container\" data-e-type=\"container\" data-settings=\"{&quot;background_background&quot;:&quot;classic&quot;}\">\n\t\t\t\t<\/div>\n\t\t\t\t<\/div>\n\t\t\t\t\t<\/div>\n\t\t\t\t<\/div>\n\t\t<div class=\"elementor-element elementor-element-1ea37bf6 e-flex e-con-boxed e-con e-parent\" data-id=\"1ea37bf6\" data-element_type=\"container\" data-e-type=\"container\" data-settings=\"{&quot;background_background&quot;:&quot;classic&quot;}\">\n\t\t\t\t\t<div class=\"e-con-inner\">\n\t\t<div class=\"elementor-element elementor-element-1afe1be3 e-grid e-con-full e-con e-child\" data-id=\"1afe1be3\" data-element_type=\"container\" data-e-type=\"container\" data-settings=\"{&quot;background_background&quot;:&quot;classic&quot;}\">\n\t\t<div class=\"elementor-element elementor-element-7e0988e4 e-con-full elementor-hidden-mobile e-flex e-con e-child\" data-id=\"7e0988e4\" data-element_type=\"container\" data-e-type=\"container\" data-settings=\"{&quot;background_background&quot;:&quot;classic&quot;}\">\n\t\t\t\t<\/div>\n\t\t<div class=\"elementor-element elementor-element-f6ec1e e-con-full e-flex e-con e-child\" data-id=\"f6ec1e\" data-element_type=\"container\" data-e-type=\"container\">\n\t\t\t\t<div class=\"elementor-element elementor-element-40398c32 elementor-widget elementor-widget-heading\" data-id=\"40398c32\" data-element_type=\"widget\" data-e-type=\"widget\" data-widget_type=\"heading.default\">\n\t\t\t\t<div class=\"elementor-widget-container\">\n\t\t\t\t\t<h2 class=\"elementor-heading-title elementor-size-default\">Certification PEFC<\/h2>\t\t\t\t<\/div>\n\t\t\t\t<\/div>\n\t\t\t\t<div class=\"elementor-element elementor-element-27282c17 elementor-widget elementor-widget-text-editor\" data-id=\"27282c17\" data-element_type=\"widget\" data-e-type=\"widget\" data-widget_type=\"text-editor.default\">\n\t\t\t\t<div class=\"elementor-widget-container\">\n\t\t\t\t\t\t\t\t\t<p>M\u00f6lkky<sup>\u00ae<\/sup> a re\u00e7u le certificat PEFC en 2022. Le label PEFC indique qu&rsquo;un produit est fabriqu\u00e9 avec du bois provenant de for\u00eats durables et que le bois provient de sources tra\u00e7ables. Cela garantit que le produit est responsable et que l&rsquo;origine des mat\u00e9riaux est connue.  <\/p>\n<p>M\u00f6lkky<sup>\u00ae <\/sup>Original est en bois de bouleau finlandais 100 % pur.<\/p>\n\t\t\t\t\t\t\t\t<\/div>\n\t\t\t\t<\/div>\n\t\t<div class=\"elementor-element elementor-element-1beb7f5 e-grid e-con-full e-con e-child\" data-id=\"1beb7f5\" data-element_type=\"container\" data-e-type=\"container\">\n\t\t\t\t<div class=\"elementor-element elementor-element-1f82625 elementor-widget elementor-widget-image\" data-id=\"1f82625\" data-element_type=\"widget\" data-e-type=\"widget\" data-widget_type=\"image.default\">\n\t\t\t\t<div class=\"elementor-widget-container\">\n\t\t\t\t\t\t\t\t\t\t\t\t\t\t\t\t<a href=\"https:\/\/www.molkky.com\/wp-content\/uploads\/2024\/08\/PEFC-Molkky-300x196-1.png\" data-elementor-open-lightbox=\"yes\" data-elementor-lightbox-title=\"PEFC-Molkky-300x196\" data-e-action-hash=\"#elementor-action%3Aaction%3Dlightbox%26settings%3DeyJpZCI6NTMzOSwidXJsIjoiaHR0cHM6XC9cL3d3dy5tb2xra3kuY29tXC93cC1jb250ZW50XC91cGxvYWRzXC8yMDI0XC8wOFwvUEVGQy1Nb2xra3ktMzAweDE5Ni0xLnBuZyJ9\">\n\t\t\t\t\t\t\t<img decoding=\"async\" width=\"300\" height=\"196\" src=\"https:\/\/www.molkky.com\/wp-content\/uploads\/2024\/08\/PEFC-Molkky-300x196-1.png\" class=\"attachment-medium size-medium wp-image-5339\" alt=\"\" \/>\t\t\t\t\t\t\t\t<\/a>\n\t\t\t\t\t\t\t\t\t\t\t\t\t\t\t<\/div>\n\t\t\t\t<\/div>\n\t\t\t\t<\/div>\n\t\t\t\t<\/div>\n\t\t\t\t<\/div>\n\t\t\t\t\t<\/div>\n\t\t\t\t<\/div>\n\t\t<div class=\"elementor-element elementor-element-f34a730 e-flex e-con-boxed e-con e-parent\" data-id=\"f34a730\" data-element_type=\"container\" data-e-type=\"container\" data-settings=\"{&quot;background_background&quot;:&quot;classic&quot;}\">\n\t\t\t\t\t<div class=\"e-con-inner\">\n\t\t<div class=\"elementor-element elementor-element-8aced9b e-grid e-con-full e-con e-child\" data-id=\"8aced9b\" data-element_type=\"container\" data-e-type=\"container\" data-settings=\"{&quot;background_background&quot;:&quot;classic&quot;}\">\n\t\t<div class=\"elementor-element elementor-element-f945cd0 e-con-full e-flex e-con e-child\" data-id=\"f945cd0\" data-element_type=\"container\" data-e-type=\"container\">\n\t\t\t\t<div class=\"elementor-element elementor-element-8ebbc9f elementor-widget elementor-widget-heading\" data-id=\"8ebbc9f\" data-element_type=\"widget\" data-e-type=\"widget\" data-widget_type=\"heading.default\">\n\t\t\t\t<div class=\"elementor-widget-container\">\n\t\t\t\t\t<h2 class=\"elementor-heading-title elementor-size-default\">Cofinanc\u00e9 par l'UE<\/h2>\t\t\t\t<\/div>\n\t\t\t\t<\/div>\n\t\t\t\t<div class=\"elementor-element elementor-element-659eb02 elementor-widget elementor-widget-text-editor\" data-id=\"659eb02\" data-element_type=\"widget\" data-e-type=\"widget\" data-widget_type=\"text-editor.default\">\n\t\t\t\t<div class=\"elementor-widget-container\">\n\t\t\t\t\t\t\t\t\t<p>D\u00e9velopper la capacit\u00e9 de production et la comp\u00e9titivit\u00e9 du jeu M\u00f6lkky<sup>\u00ae<\/sup> pour r\u00e9pondre \u00e0 la croissance du march\u00e9 et utiliser les copeaux de bois restants de la transformation du bouleau produits par la production croissante, ainsi que la r\u00e9utilisation innovante des flux secondaires et des mat\u00e9riaux. Le projet d\u00e9veloppe une m\u00e9thode de fabrication de nouveaux produits \u00e0 base de p\u00e2te de bois.  <\/p>\n\t\t\t\t\t\t\t\t<\/div>\n\t\t\t\t<\/div>\n\t\t<div class=\"elementor-element elementor-element-8325846 e-grid e-con-full e-con e-child\" data-id=\"8325846\" data-element_type=\"container\" data-e-type=\"container\">\n\t\t\t\t<div class=\"elementor-element elementor-element-d6b0fb5 elementor-widget elementor-widget-image\" data-id=\"d6b0fb5\" data-element_type=\"widget\" data-e-type=\"widget\" data-widget_type=\"image.default\">\n\t\t\t\t<div class=\"elementor-widget-container\">\n\t\t\t\t\t\t\t\t\t\t\t\t\t\t\t\t<a href=\"https:\/\/www.molkky.com\/wp-content\/uploads\/2025\/02\/EN_Co-fundedbytheEU_RGB_Monochrome.png\" data-elementor-open-lightbox=\"yes\" data-elementor-lightbox-title=\"EN_Co-fundedbytheEU_RGB_Monochrome\" data-e-action-hash=\"#elementor-action%3Aaction%3Dlightbox%26settings%3DeyJpZCI6NDc5MSwidXJsIjoiaHR0cHM6XC9cL3d3dy5tb2xra3kuY29tXC93cC1jb250ZW50XC91cGxvYWRzXC8yMDI1XC8wMlwvRU5fQ28tZnVuZGVkYnl0aGVFVV9SR0JfTW9ub2Nocm9tZS5wbmcifQ%3D%3D\">\n\t\t\t\t\t\t\t<img decoding=\"async\" src=\"https:\/\/www.molkky.com\/wp-content\/uploads\/elementor\/thumbs\/EN_Co-fundedbytheEU_RGB_Monochrome-r1amsyonc054n30c3ki7s2d5yywpdvd96mlvabwby2.png\" title=\"EN_Co-fundedbytheEU_RGB_Monochrome\" alt=\"EN_Co-fundedbytheEU_RGB_Monochrome\" loading=\"lazy\" \/>\t\t\t\t\t\t\t\t<\/a>\n\t\t\t\t\t\t\t\t\t\t\t\t\t\t\t<\/div>\n\t\t\t\t<\/div>\n\t\t\t\t<\/div>\n\t\t\t\t<\/div>\n\t\t<div class=\"elementor-element elementor-element-b49064b e-con-full e-flex e-con e-child\" data-id=\"b49064b\" data-element_type=\"container\" data-e-type=\"container\" data-settings=\"{&quot;background_background&quot;:&quot;classic&quot;}\">\n\t\t\t\t<\/div>\n\t\t\t\t<\/div>\n\t\t\t\t\t<\/div>\n\t\t\t\t<\/div>\n\t\t<div class=\"elementor-element elementor-element-a7d30bc e-flex e-con-boxed e-con e-parent\" data-id=\"a7d30bc\" data-element_type=\"container\" data-e-type=\"container\" data-settings=\"{&quot;background_background&quot;:&quot;classic&quot;}\">\n\t\t\t\t\t<div class=\"e-con-inner\">\n\t\t<div class=\"elementor-element elementor-element-4a39afc e-con-full e-flex e-con e-child\" data-id=\"4a39afc\" data-element_type=\"container\" data-e-type=\"container\" data-settings=\"{&quot;background_background&quot;:&quot;classic&quot;}\">\n\t\t\t\t<\/div>\n\t\t\t\t\t<\/div>\n\t\t\t\t<\/div>\n\t\t\t\t<\/div>\n\t\t","protected":false},"excerpt":{"rendered":"<p>Champions de la responsabilit\u00e9 Tactic est le producteur de jeux de plein air le plus \u00e9cologique des pays nordiques. Nos principes \u00e9thiques impliquent une approche tr\u00e8s responsable de l&rsquo;environnement, de la production, de la qualit\u00e9 technique, de l&rsquo;humanit\u00e9 et de l&#8217;emploi. La responsabilit\u00e9 signifie des actions concr\u00e8tes, de l&rsquo;usine de jeux au terrain de jeu. [&hellip;]<\/p>\n","protected":false},"author":1,"featured_media":0,"parent":0,"menu_order":0,"comment_status":"closed","ping_status":"closed","template":"","meta":{"footnotes":""},"class_list":["post-5333","page","type-page","status-publish","hentry"],"_links":{"self":[{"href":"https:\/\/www.molkky.com\/fr\/wp-json\/wp\/v2\/pages\/5333","targetHints":{"allow":["GET"]}}],"collection":[{"href":"https:\/\/www.molkky.com\/fr\/wp-json\/wp\/v2\/pages"}],"about":[{"href":"https:\/\/www.molkky.com\/fr\/wp-json\/wp\/v2\/types\/page"}],"author":[{"embeddable":true,"href":"https:\/\/www.molkky.com\/fr\/wp-json\/wp\/v2\/users\/1"}],"replies":[{"embeddable":true,"href":"https:\/\/www.molkky.com\/fr\/wp-json\/wp\/v2\/comments?post=5333"}],"version-history":[{"count":1,"href":"https:\/\/www.molkky.com\/fr\/wp-json\/wp\/v2\/pages\/5333\/revisions"}],"predecessor-version":[{"id":5340,"href":"https:\/\/www.molkky.com\/fr\/wp-json\/wp\/v2\/pages\/5333\/revisions\/5340"}],"wp:attachment":[{"href":"https:\/\/www.molkky.com\/fr\/wp-json\/wp\/v2\/media?parent=5333"}],"curies":[{"name":"wp","href":"https:\/\/api.w.org\/{rel}","templated":true}]}}